{"id":1260,"date":"2025-05-09T08:56:15","date_gmt":"2025-05-09T08:56:15","guid":{"rendered":"https:\/\/pfmscreen.com\/?page_id=1260"},"modified":"2026-03-03T08:35:48","modified_gmt":"2026-03-03T08:35:48","slug":"merci","status":"publish","type":"page","link":"https:\/\/pfmscreen.com\/fr\/thank-you\/","title":{"rendered":"Merci"},"content":{"rendered":"<div data-elementor-type=\"wp-page\" data-elementor-id=\"1260\" class=\"elementor elementor-1260\" data-elementor-post-type=\"page\">\n\t\t\t\t<div class=\"elementor-element elementor-element-5bdc25d e-flex e-con-boxed e-con e-parent\" data-id=\"5bdc25d\" data-element_type=\"container\" data-e-type=\"container\">\n\t\t\t\t\t<div class=\"e-con-inner\">\n\t\t\t\t<div class=\"elementor-element elementor-element-8bf526b elementor-widget elementor-widget-text-editor\" data-id=\"8bf526b\" data-element_type=\"widget\" data-e-type=\"widget\" data-widget_type=\"text-editor.default\">\n\t\t\t\t<div class=\"elementor-widget-container\">\n\t\t\t\t\t\t\t\t\t<h1 style=\"text-align: center;\"><strong>Merci pour votre demande.<\/strong><\/h1><p style=\"text-align: center;\"><br \/>Votre message a bien \u00e9t\u00e9 envoy\u00e9.<br \/><br \/>Nous vous remercions de nous avoir contact\u00e9s. Un de nos coll\u00e8gues vous recontactera prochainement\u00a0!<\/p>\t\t\t\t\t\t\t\t<\/div>\n\t\t\t\t<\/div>\n\t\t\t\t\t<\/div>\n\t\t\t\t<\/div>\n\t\t\t\t<\/div>","protected":false},"excerpt":{"rendered":"<p>Merci pour votre demande. Votre message a bien \u00e9t\u00e9 envoy\u00e9. Nous vous remercions de nous avoir contact\u00e9s. Un de nos coll\u00e8gues vous recontactera prochainement.<\/p>","protected":false},"author":1,"featured_media":900,"parent":0,"menu_order":0,"comment_status":"closed","ping_status":"closed","template":"","meta":{"footnotes":""},"class_list":["post-1260","page","type-page","status-publish","has-post-thumbnail","hentry"],"yoast_head":"<!-- This site is optimized with the Yoast SEO Premium plugin v25.2 (Yoast SEO v27.2) - https:\/\/yoast.com\/product\/yoast-seo-premium-wordpress\/ -->\n<title>Thank you for your enquiry<\/title>\n<meta name=\"description\" content=\"Thank you for your enquiry\" \/>\n<meta name=\"robots\" content=\"index, follow, max-snippet:-1, max-image-preview:large, max-video-preview:-1\" \/>\n<link rel=\"canonical\" href=\"https:\/\/pfmscreen.com\/fr\/merci\/\" \/>\n<meta property=\"og:locale\" content=\"fr_FR\" \/>\n<meta property=\"og:type\" content=\"article\" \/>\n<meta property=\"og:title\" content=\"Thank You\" \/>\n<meta property=\"og:description\" content=\"Thank you for your enquiry\" \/>\n<meta property=\"og:url\" content=\"https:\/\/pfmscreen.com\/fr\/merci\/\" \/>\n<meta property=\"og:site_name\" content=\"PFM Screen | Industrial Metal Wire Mesh &amp; Mesh Filters Manufacturer\" \/>\n<meta property=\"article:publisher\" content=\"https:\/\/www.facebook.com\/BeijingPFM\/\" \/>\n<meta property=\"article:modified_time\" content=\"2026-03-03T08:35:48+00:00\" \/>\n<meta property=\"og:image\" content=\"https:\/\/pfmscreen.com\/wp-content\/uploads\/2025\/04\/Beijing-PFM-SCREEN.jpg\" \/>\n\t<meta property=\"og:image:width\" content=\"400\" \/>\n\t<meta property=\"og:image:height\" content=\"300\" \/>\n\t<meta property=\"og:image:type\" content=\"image\/jpeg\" \/>\n<meta name=\"twitter:card\" content=\"summary_large_image\" \/>\n<meta name=\"twitter:site\" content=\"@PfmScreenCo\" \/>\n<meta name=\"twitter:label1\" content=\"Dur\u00e9e de lecture estim\u00e9e\" \/>\n\t<meta name=\"twitter:data1\" content=\"1 minute\" \/>\n<script type=\"application\/ld+json\" class=\"yoast-schema-graph\">{\"@context\":\"https:\/\/schema.org\",\"@graph\":[{\"@type\":\"WebPage\",\"@id\":\"https:\/\/pfmscreen.com\/thank-you\/\",\"url\":\"https:\/\/pfmscreen.com\/thank-you\/\",\"name\":\"Thank you for your enquiry\",\"isPartOf\":{\"@id\":\"https:\/\/pfmscreen.com\/#website\"},\"primaryImageOfPage\":{\"@id\":\"https:\/\/pfmscreen.com\/thank-you\/#primaryimage\"},\"image\":{\"@id\":\"https:\/\/pfmscreen.com\/thank-you\/#primaryimage\"},\"thumbnailUrl\":\"https:\/\/pfmscreen.com\/wp-content\/uploads\/2025\/04\/Beijing-PFM-SCREEN.jpg\",\"datePublished\":\"2025-05-09T08:56:15+00:00\",\"dateModified\":\"2026-03-03T08:35:48+00:00\",\"description\":\"Thank you for your enquiry\",\"breadcrumb\":{\"@id\":\"https:\/\/pfmscreen.com\/thank-you\/#breadcrumb\"},\"inLanguage\":\"fr-FR\",\"potentialAction\":[{\"@type\":\"ReadAction\",\"target\":[\"https:\/\/pfmscreen.com\/thank-you\/\"]}]},{\"@type\":\"ImageObject\",\"inLanguage\":\"fr-FR\",\"@id\":\"https:\/\/pfmscreen.com\/thank-you\/#primaryimage\",\"url\":\"https:\/\/pfmscreen.com\/wp-content\/uploads\/2025\/04\/Beijing-PFM-SCREEN.jpg\",\"contentUrl\":\"https:\/\/pfmscreen.com\/wp-content\/uploads\/2025\/04\/Beijing-PFM-SCREEN.jpg\",\"width\":400,\"height\":300},{\"@type\":\"BreadcrumbList\",\"@id\":\"https:\/\/pfmscreen.com\/thank-you\/#breadcrumb\",\"itemListElement\":[{\"@type\":\"ListItem\",\"position\":1,\"name\":\"HOME\",\"item\":\"https:\/\/pfmscreen.com\/\"},{\"@type\":\"ListItem\",\"position\":2,\"name\":\"Thank You\"}]},{\"@type\":\"WebSite\",\"@id\":\"https:\/\/pfmscreen.com\/#website\",\"url\":\"https:\/\/pfmscreen.com\/\",\"name\":\"PFM SCREEN | Professional Metal Mesh and Filter Element Solution Provider\",\"description\":\"Your Trusted Partner for High-Quality Metal Mesh and Precision Filter Components\",\"publisher\":{\"@id\":\"https:\/\/pfmscreen.com\/#organization\"},\"potentialAction\":[{\"@type\":\"SearchAction\",\"target\":{\"@type\":\"EntryPoint\",\"urlTemplate\":\"https:\/\/pfmscreen.com\/?s={search_term_string}\"},\"query-input\":{\"@type\":\"PropertyValueSpecification\",\"valueRequired\":true,\"valueName\":\"search_term_string\"}}],\"inLanguage\":\"fr-FR\"},{\"@type\":\"Organization\",\"@id\":\"https:\/\/pfmscreen.com\/#organization\",\"name\":\"PFM SCREEN\",\"url\":\"https:\/\/pfmscreen.com\/\",\"logo\":{\"@type\":\"ImageObject\",\"inLanguage\":\"fr-FR\",\"@id\":\"https:\/\/pfmscreen.com\/#\/schema\/logo\/image\/\",\"url\":\"https:\/\/pfmscreen.com\/wp-content\/uploads\/2025\/02\/PFM-SCREEN-LOGO-1-1.jpg\",\"contentUrl\":\"https:\/\/pfmscreen.com\/wp-content\/uploads\/2025\/02\/PFM-SCREEN-LOGO-1-1.jpg\",\"width\":300,\"height\":300,\"caption\":\"PFM SCREEN\"},\"image\":{\"@id\":\"https:\/\/pfmscreen.com\/#\/schema\/logo\/image\/\"},\"sameAs\":[\"https:\/\/www.facebook.com\/BeijingPFM\/\",\"https:\/\/x.com\/PfmScreenCo\"]}]}<\/script>\n<!-- \/ Yoast SEO Premium plugin. -->","yoast_head_json":{"title":"Merci pour votre demande.","description":"Merci pour votre demande.","robots":{"index":"index","follow":"follow","max-snippet":"max-snippet:-1","max-image-preview":"max-image-preview:large","max-video-preview":"max-video-preview:-1"},"canonical":"https:\/\/pfmscreen.com\/fr\/merci\/","og_locale":"fr_FR","og_type":"article","og_title":"Thank You","og_description":"Thank you for your enquiry","og_url":"https:\/\/pfmscreen.com\/fr\/merci\/","og_site_name":"PFM Screen | Industrial Metal Wire Mesh &amp; Mesh Filters Manufacturer","article_publisher":"https:\/\/www.facebook.com\/BeijingPFM\/","article_modified_time":"2026-03-03T08:35:48+00:00","og_image":[{"width":400,"height":300,"url":"https:\/\/pfmscreen.com\/wp-content\/uploads\/2025\/04\/Beijing-PFM-SCREEN.jpg","type":"image\/jpeg"}],"twitter_card":"summary_large_image","twitter_site":"@PfmScreenCo","twitter_misc":{"Dur\u00e9e de lecture estim\u00e9e":"1 minute"},"schema":{"@context":"https:\/\/schema.org","@graph":[{"@type":"WebPage","@id":"https:\/\/pfmscreen.com\/thank-you\/","url":"https:\/\/pfmscreen.com\/thank-you\/","name":"Merci pour votre demande.","isPartOf":{"@id":"https:\/\/pfmscreen.com\/#website"},"primaryImageOfPage":{"@id":"https:\/\/pfmscreen.com\/thank-you\/#primaryimage"},"image":{"@id":"https:\/\/pfmscreen.com\/thank-you\/#primaryimage"},"thumbnailUrl":"https:\/\/pfmscreen.com\/wp-content\/uploads\/2025\/04\/Beijing-PFM-SCREEN.jpg","datePublished":"2025-05-09T08:56:15+00:00","dateModified":"2026-03-03T08:35:48+00:00","description":"Merci pour votre demande.","breadcrumb":{"@id":"https:\/\/pfmscreen.com\/thank-you\/#breadcrumb"},"inLanguage":"fr-FR","potentialAction":[{"@type":"ReadAction","target":["https:\/\/pfmscreen.com\/thank-you\/"]}]},{"@type":"ImageObject","inLanguage":"fr-FR","@id":"https:\/\/pfmscreen.com\/thank-you\/#primaryimage","url":"https:\/\/pfmscreen.com\/wp-content\/uploads\/2025\/04\/Beijing-PFM-SCREEN.jpg","contentUrl":"https:\/\/pfmscreen.com\/wp-content\/uploads\/2025\/04\/Beijing-PFM-SCREEN.jpg","width":400,"height":300},{"@type":"BreadcrumbList","@id":"https:\/\/pfmscreen.com\/thank-you\/#breadcrumb","itemListElement":[{"@type":"ListItem","position":1,"name":"HOME","item":"https:\/\/pfmscreen.com\/"},{"@type":"ListItem","position":2,"name":"Thank You"}]},{"@type":"WebSite","@id":"https:\/\/pfmscreen.com\/#website","url":"https:\/\/pfmscreen.com\/","name":"PFM SCREEN | Fournisseur professionnel de solutions de filtration et de treillis m\u00e9talliques","description":"Votre partenaire de confiance pour les treillis m\u00e9talliques de haute qualit\u00e9 et les composants de filtration de pr\u00e9cision","publisher":{"@id":"https:\/\/pfmscreen.com\/#organization"},"potentialAction":[{"@type":"SearchAction","target":{"@type":"EntryPoint","urlTemplate":"https:\/\/pfmscreen.com\/?s={search_term_string}"},"query-input":{"@type":"PropertyValueSpecification","valueRequired":true,"valueName":"search_term_string"}}],"inLanguage":"fr-FR"},{"@type":"Organization","@id":"https:\/\/pfmscreen.com\/#organization","name":"\u00c9CRAN PFM","url":"https:\/\/pfmscreen.com\/","logo":{"@type":"ImageObject","inLanguage":"fr-FR","@id":"https:\/\/pfmscreen.com\/#\/schema\/logo\/image\/","url":"https:\/\/pfmscreen.com\/wp-content\/uploads\/2025\/02\/PFM-SCREEN-LOGO-1-1.jpg","contentUrl":"https:\/\/pfmscreen.com\/wp-content\/uploads\/2025\/02\/PFM-SCREEN-LOGO-1-1.jpg","width":300,"height":300,"caption":"PFM SCREEN"},"image":{"@id":"https:\/\/pfmscreen.com\/#\/schema\/logo\/image\/"},"sameAs":["https:\/\/www.facebook.com\/BeijingPFM\/","https:\/\/x.com\/PfmScreenCo"]}]}},"_links":{"self":[{"href":"https:\/\/pfmscreen.com\/fr\/wp-json\/wp\/v2\/pages\/1260","targetHints":{"allow":["GET"]}}],"collection":[{"href":"https:\/\/pfmscreen.com\/fr\/wp-json\/wp\/v2\/pages"}],"about":[{"href":"https:\/\/pfmscreen.com\/fr\/wp-json\/wp\/v2\/types\/page"}],"author":[{"embeddable":true,"href":"https:\/\/pfmscreen.com\/fr\/wp-json\/wp\/v2\/users\/1"}],"replies":[{"embeddable":true,"href":"https:\/\/pfmscreen.com\/fr\/wp-json\/wp\/v2\/comments?post=1260"}],"version-history":[{"count":10,"href":"https:\/\/pfmscreen.com\/fr\/wp-json\/wp\/v2\/pages\/1260\/revisions"}],"predecessor-version":[{"id":1270,"href":"https:\/\/pfmscreen.com\/fr\/wp-json\/wp\/v2\/pages\/1260\/revisions\/1270"}],"wp:featuredmedia":[{"embeddable":true,"href":"https:\/\/pfmscreen.com\/fr\/wp-json\/wp\/v2\/media\/900"}],"wp:attachment":[{"href":"https:\/\/pfmscreen.com\/fr\/wp-json\/wp\/v2\/media?parent=1260"}],"curies":[{"name":"wp","href":"https:\/\/api.w.org\/{rel}","templated":true}]}}